{"id":8388,"date":"2017-03-03T00:53:06","date_gmt":"2017-03-03T05:53:06","guid":{"rendered":"http:\/\/www.broderie.ca\/?page_id=8388\/"},"modified":"2020-02-06T14:50:21","modified_gmt":"2020-02-06T19:50:21","slug":"get-a-quote","status":"publish","type":"page","link":"https:\/\/www.broderie.ca\/en\/caps\/get-a-quote\/","title":{"rendered":"Get A Quote"},"content":{"rendered":"<section class=\"wpb-content-wrapper\">[vc_row no_margin=&#8221;true&#8221; padding_top=&#8221;0px&#8221; padding_bottom=&#8221;0px&#8221; bg_video=&#8221;&#8221; class=&#8221;&#8221; style=&#8221;&#8221;][vc_column fade_animation_offset=&#8221;45px&#8221; width=&#8221;1\/1&#8243;]<h3 style=\"text-align: center;\">Custom caps, beanies &amp; headwear products<\/h3>\n<p style=\"text-align: center; font-size: 18px;\">You can create your own custom caps and custom beanies today on our sister site <strong>Nationhats<\/strong>.<br \/>\nAll our visitors can use the coupon <strong>THANKS-BM<\/strong> to get a <strong>10% discount at\u00a0<a title=\"Create your own custom caps on Nationhats.com\" href=\"https:\/\/www.nationhats.com\/custom-hats\" target=\"_blank\" rel=\"noopener noreferrer\">Nationhats.com<\/a>!<br \/>\n<\/strong><br \/>\nIf you prefer to submit a quote, please fill out the form below:<\/p>\n<div class=\"frm_forms  with_frm_style frm_style_formidable-style\" id=\"frm_form_16_container\" >\n<form enctype=\"multipart\/form-data\" method=\"post\" class=\"frm-show-form  frm_pro_form \" id=\"form_hy53j532\" >\n<div class=\"frm_form_fields \">\n<fieldset>\n\r\n<div class=\"frm_fields_container\">\n<input type=\"hidden\" name=\"frm_action\" value=\"create\" \/>\n<input type=\"hidden\" name=\"form_id\" value=\"16\" \/>\n<input type=\"hidden\" name=\"frm_hide_fields_16\" id=\"frm_hide_fields_16\" value=\"\" \/>\n<input type=\"hidden\" name=\"form_key\" value=\"hy53j532\" \/>\n<input type=\"hidden\" name=\"item_meta[0]\" value=\"\" \/>\n<input type=\"hidden\" id=\"frm_submit_entry_16\" name=\"frm_submit_entry_16\" value=\"d0d12aa661\" \/><input type=\"hidden\" name=\"_wp_http_referer\" value=\"\/en\/wp-json\/wp\/v2\/pages\/8388\" \/><div id=\"broderie-first-container\">\r\n<div id=\"frm_field_159_container\" class=\"frm_form_field form-field  frm_required_field frm_top_container\">\r\n    <label for=\"field_ks8cbe32\" class=\"frm_primary_label\">Your Name\r\n        <span class=\"frm_required\">*<\/span>\r\n    <\/label>\r\n    <input type=\"text\" id=\"field_ks8cbe32\" name=\"item_meta[159]\" value=\"\"  data-reqmsg=\"Your Name cannot be blank.\" aria-required=\"true\" data-invmsg=\"Your Name is invalid\" aria-invalid=\"false\"  \/>\r\n    \r\n    \r\n<\/div>\n<div id=\"frm_field_160_container\" class=\"frm_form_field form-field  frm_required_field frm_top_container frm_first_half\">\r\n    <label for=\"field_23seku32\" class=\"frm_primary_label\">E-Mail\r\n        <span class=\"frm_required\">*<\/span>\r\n    <\/label>\r\n    <input type=\"email\" id=\"field_23seku32\" name=\"item_meta[160]\" value=\"\"  data-reqmsg=\"E-Mail cannot be blank.\" aria-required=\"true\" data-invmsg=\"Adresse e-mail est non valide\" aria-invalid=\"false\"  \/>\r\n    \r\n    \r\n<\/div>\n<div id=\"frm_field_161_container\" class=\"frm_form_field form-field  frm_required_field frm_top_container frm_last_half\">\r\n    <label for=\"field_b8bg1432\" class=\"frm_primary_label\">Phone Number\r\n        <span class=\"frm_required\">*<\/span>\r\n    <\/label>\r\n    <input type=\"text\" id=\"field_b8bg1432\" name=\"item_meta[161]\" value=\"\"  data-reqmsg=\"Phone Number cannot be blank.\" aria-required=\"true\" data-invmsg=\"Phone Number is invalid\" aria-invalid=\"false\"  \/>\r\n    \r\n    \r\n<\/div><\/div>\n<div id=\"broderie-first-container\">\r\n<div id=\"frm_field_163_container\" class=\"frm_form_field form-field  frm_required_field frm_top_container frm_half frm_first\">\r\n    <label for=\"field_6wr1212\" class=\"frm_primary_label\">Type of Caps\r\n        <span class=\"frm_required\">*<\/span>\r\n    <\/label>\r\n    \t\t<select name=\"item_meta[163]\" id=\"field_6wr1212\"  data-frmval=\"Snapback\" data-reqmsg=\"Type of Caps cannot be blank.\" aria-required=\"true\" data-invmsg=\"Type of Caps is invalid\" aria-invalid=\"false\"  >\n\t\t<option  value=\"Snapback\" selected='selected'>Snapback<\/option><option  value=\"Trucker\">Trucker<\/option><option  value=\"R\u00e9gulier (velcro)\">R\u00e9gulier (velcro)<\/option><option  value=\"Autre\">Autre<\/option>\t<\/select>\n\t\r\n    \r\n    \r\n<\/div>\n<div id=\"frm_field_162_container\" class=\"frm_form_field form-field  frm_required_field frm_top_container frm_half\">\r\n    <label for=\"field_83270w32\" class=\"frm_primary_label\">Quantity\r\n        <span class=\"frm_required\">*<\/span>\r\n    <\/label>\r\n    <input type=\"number\" id=\"field_83270w32\" name=\"item_meta[162]\" value=\"\"  data-reqmsg=\"Quantity cannot be blank.\" aria-required=\"true\" data-invmsg=\"Quantit\u00e9 est non valide\" aria-invalid=\"false\"   min=\"0\" max=\"9999999\" step=\"1\"\/>\r\n    \r\n    \r\n<\/div>\n<div id=\"frm_field_200_container\" class=\"frm_form_field form-field  frm_top_container\">\r\n    <label for=\"field_yq33i\" class=\"frm_primary_label\">Do you know the exact model?\r\n        <span class=\"frm_required\"><\/span>\r\n    <\/label>\r\n    <input type=\"text\" id=\"field_yq33i\" name=\"item_meta[200]\" value=\"\"  data-invmsg=\"Do you know the exact model? is invalid\" aria-invalid=\"false\"   aria-describedby=\"frm_desc_field_yq33i\"\/>\r\n    <div id=\"frm_desc_field_yq33i\" class=\"frm_description\">Visit Nationhats' online catalog to know your model: <a href=\"https:\/\/www.nationhats.com\/custom-hats\/\" target=\"_blank\">https:\/\/www.nationhats.com\/custom-hats\/<\/a><\/div>\r\n    \r\n<\/div><\/div>\n<div id=\"broderie-first-container\">\r\n<div id=\"frm_field_180_container\" class=\"frm_form_field form-field  frm_required_field frm_top_container nomarginws vertical_radio\">\r\n    <label  class=\"frm_primary_label\">Project type\r\n        <span class=\"frm_required\">*<\/span>\r\n    <\/label>\r\n    <div class=\"frm_opt_container\">\t\t<div class=\"frm_radio\" id=\"frm_radio_180-0\">\t\t\t<label  for=\"field_cw1oov-0\">\n\t\t\t\t\t<input type=\"radio\" name=\"item_meta[180]\" id=\"field_cw1oov-0\" value=\"Logo\"\n\t\t   data-reqmsg=\"Project type cannot be blank.\" data-invmsg=\"Project type is invalid\" aria-invalid=\"false\"  \/> Logo<\/label><\/div>\n\t\t<div class=\"frm_radio\" id=\"frm_radio_180-1\">\t\t\t<label  for=\"field_cw1oov-1\">\n\t\t\t\t\t<input type=\"radio\" name=\"item_meta[180]\" id=\"field_cw1oov-1\" value=\"Text\"\n\t\t   data-reqmsg=\"Project type cannot be blank.\" data-invmsg=\"Project type is invalid\" aria-invalid=\"false\"  \/> Text<\/label><\/div>\n<\/div>\r\n    \r\n    \r\n<\/div>\n<div id=\"frm_field_201_container\" class=\"frm_form_field form-field  frm_required_field frm_top_container\">\r\n    <label for=\"field_vfw58\" class=\"frm_primary_label\">Do you need 3D embroidery?\r\n        <span class=\"frm_required\">*<\/span>\r\n    <\/label>\r\n    \t\t<select name=\"item_meta[201]\" id=\"field_vfw58\"  data-frmval=\"No\" data-reqmsg=\"Do you need 3D embroidery? cannot be blank.\" aria-required=\"true\" data-invmsg=\"Do you need 3D embroidery? is invalid\" aria-invalid=\"false\"  >\n\t\t<option  value=\"No\" selected='selected'>No<\/option><option  value=\"Yes\">Yes<\/option>\t<\/select>\n\t\r\n    <div id=\"frm_desc_field_vfw58\" class=\"frm_description\"><a href=\"https:\/\/www.nationhats.com\/whats-3d-puff-embroidery\/\" title=\"Learn more about 3D puff embroidery\" target=\"_blank\">What\u2019s 3D \/ puff embroidery?<\/a><\/div>\r\n    \r\n<\/div>\n<div id=\"frm_field_164_container\" class=\"frm_form_field form-field  frm_required_field frm_top_container\">\r\n    <label for=\"field_lubrqv32\" class=\"frm_primary_label\">Your Logo\/Design\r\n        <span class=\"frm_required\">*<\/span>\r\n    <\/label>\r\n    <input type=\"hidden\"  data-reqmsg=\"Ce champ ne peut \u00eatre vide.\" data-invmsg=\"Votre Logo \/ Dessin est non valide\" aria-invalid=\"false\"   name=\"item_meta[164][]\"  data-reqmsg=\"Ce champ ne peut \u00eatre vide.\"  value=\"\" data-frmfile=\"164\" \/>\n\n<div class=\"frm_dropzone frm_multi_upload frm_clearfix\" id=\"file164_dropzone\" role=\"group\" >\n\t<div class=\"fallback\">\n\t\t<input type=\"file\" name=\"file164[]\" id=\"field_lubrqv32\"\n\t\t\t data-frmfile=\"164\" multiple=\"multiple\"  data-reqmsg=\"Ce champ ne peut \u00eatre vide.\" data-invmsg=\"Votre Logo \/ Dessin est non valide\" aria-invalid=\"false\"  \t\t\t\/>\n\t\t\t\t<div class=\"frm_clearfix \"><\/div>\n\t<\/div>\n\t<div class=\"dz-message needsclick\">\n\t\t\t\t<svg  viewBox=\"0 0 18 18\" class=\"frmsvg frm-svg-icon\">\n\t<path viewBox=\"0 0 18 18\" fill-rule=\"evenodd\" clip-rule=\"evenodd\" d=\"M8.2 4v8a.8.8 0 001.5 0V4l2.1 2.2A.7.7 0 1013 5L9.5 1.7a.7.7 0 00-1.1 0L5.1 5.2a.8.8 0 001 1l2.1-2zm7.6 4.3c.4 0 .7.3.7.7v6.8c0 .4-.3.7-.8.7H2.3a.8.8 0 01-.8-.8V9A.8.8 0 013 9v6h12V9c0-.4.3-.8.8-.8z\"><\/path>\n<\/svg>\t\t<span class=\"frm_upload_text\"><button type=\"button\" aria-label=\"Your Logo\/Design. Drop a file here or click to upload. Maximum file size: 20.97MB\">Drop a file here or click to upload<\/button><\/span>\n\t\t<span class=\"frm_compact_text\"><button type=\"button\" aria-label=\"Your Logo\/Design. Choose File. Maximum file size: 20.97MB\">Choose File<\/button><\/span>\n\t\t<div class=\"frm_small_text\">\n\t\t\t<p>Maximum file size: 20.97MB<\/p>\n\t\t<\/div>\n\t<\/div>\n<\/div>\n\t\r\n    \r\n    \r\n<\/div>\n<div id=\"frm_field_181_container\" class=\"frm_form_field form-field  frm_required_field frm_top_container\">\r\n    <label for=\"field_zk4bjb\" class=\"frm_primary_label\">Your text\r\n        <span class=\"frm_required\">*<\/span>\r\n    <\/label>\r\n    <textarea name=\"item_meta[181]\" id=\"field_zk4bjb\" rows=\"5\"  data-reqmsg=\"Your text cannot be blank.\" aria-required=\"true\" data-invmsg=\"Your text is invalid\" aria-invalid=\"false\"  ><\/textarea>\r\n    \r\n    \r\n<\/div><\/div>\n<div id=\"broderie-first-container\">\r\n<div id=\"frm_field_165_container\" class=\"frm_form_field form-field  frm_top_container\">\r\n    <label for=\"field_9gqgfz32\" class=\"frm_primary_label\">Additional Information\r\n        <span class=\"frm_required\"><\/span>\r\n    <\/label>\r\n    <textarea name=\"item_meta[165]\" id=\"field_9gqgfz32\" rows=\"5\"  data-frmval=\"Please provide as much details as possible to help us with your order.\" data-invmsg=\"Additional Information is invalid\" aria-invalid=\"false\"  >Please provide as much details as possible to help us with your order.<\/textarea>\r\n    \r\n    \r\n<\/div><\/div>\n<div id=\"broderie-first-container\">\r\n<div id=\"frm_field_166_container\" class=\"frm_form_field form-field  frm_required_field frm_top_container vertical_radio\">\r\n    <label  class=\"frm_primary_label\">Subscribe to the newsletter\r\n        <span class=\"frm_required\">*<\/span>\r\n    <\/label>\r\n    <div class=\"frm_opt_container\">\t\t<div class=\"frm_radio\" id=\"frm_radio_166-0\">\t\t\t<label  for=\"field_bs2h712-0\">\n\t\t\t\t\t<input type=\"radio\" name=\"item_meta[166]\" id=\"field_bs2h712-0\" value=\"Yes\"\n\t\t   data-reqmsg=\"Subscribe to the newsletter cannot be blank.\" data-invmsg=\"Subscribe to the newsletter is invalid\" aria-invalid=\"false\"  \/> Yes<\/label><\/div>\n\t\t<div class=\"frm_radio\" id=\"frm_radio_166-1\">\t\t\t<label  for=\"field_bs2h712-1\">\n\t\t\t\t\t<input type=\"radio\" name=\"item_meta[166]\" id=\"field_bs2h712-1\" value=\"No\"\n\t\t   data-reqmsg=\"Subscribe to the newsletter cannot be blank.\" data-invmsg=\"Subscribe to the newsletter is invalid\" aria-invalid=\"false\"  \/> No<\/label><\/div>\n<\/div>\r\n    <div id=\"frm_desc_field_bs2h712\" class=\"frm_description\">Subscribers receive discounts and special offers.<\/div>\r\n    \r\n<\/div><\/div>\n\t<input type=\"hidden\" name=\"item_key\" value=\"\" \/>\n\t<input name=\"frm_state\" type=\"hidden\" value=\"Z0qMybE5M6D0fQxvv6q3+mCwkRvTa7\/mJGtmTue0qrg=\" \/><div class=\"frm_submit\">\r\n\r\n<input type=\"submit\" value=\"Submit\"  class=\"frm_final_submit\" formnovalidate=\"formnovalidate\" \/>\r\n<img decoding=\"async\" class=\"frm_ajax_loading\" src=\"https:\/\/www.broderie.ca\/wp-content\/plugins\/formidable\/images\/ajax_loader.gif\" alt=\"Envoi\" style=\"visibility:hidden;\" \/>\r\n\r\n<\/div>\r\n<script type=\"text\/javascript\">\r\nfunction frmThemeOverride_frmAfterSubmit(formReturned, pageOrder, errObj, object){\r\nif(typeof(formReturned) == 'undefined' )\r\n  ga('send','event','Quote-Caps', 'sent');\r\n}\r\n<\/script><\/div>\n<\/fieldset>\n<\/div>\n\n<p style=\"display: none !important;\" class=\"akismet-fields-container\" data-prefix=\"ak_\"><label>&#916;<textarea name=\"ak_hp_textarea\" cols=\"45\" rows=\"8\" maxlength=\"100\"><\/textarea><\/label><input type=\"hidden\" id=\"ak_js_1\" name=\"ak_js\" value=\"235\"\/><script>document.getElementById( \"ak_js_1\" ).setAttribute( \"value\", ( new Date() ).getTime() );<\/script><\/p><\/form>\n<\/div>\n[\/vc_column][\/vc_row]\n<\/section>","protected":false},"excerpt":{"rendered":"<p>[vc_row no_margin=&#8221;true&#8221; padding_top=&#8221;0px&#8221; padding_bottom=&#8221;0px&#8221; bg_video=&#8221;&#8221; class=&#8221;&#8221; style=&#8221;&#8221;][vc_column fade_animation_offset=&#8221;45px&#8221; width=&#8221;1\/1&#8243;][\/vc_column][\/vc_row]<\/p>\n","protected":false},"author":2,"featured_media":0,"parent":1738,"menu_order":0,"comment_status":"closed","ping_status":"closed","template":"template-blank-4.php","meta":{"footnotes":""},"class_list":["post-8388","page","type-page","status-publish","hentry","no-post-thumbnail"],"yoast_head":"<!-- This site is optimized with the Yoast SEO Premium plugin v20.8 (Yoast SEO v24.2) - https:\/\/yoast.com\/wordpress\/plugins\/seo\/ -->\n<title>Get A Quote | Embroidery Montreal<\/title>\n<meta name=\"robots\" content=\"index, follow, max-snippet:-1, max-image-preview:large, max-video-preview:-1\" \/>\n<link rel=\"canonical\" href=\"https:\/\/www.broderie.ca\/en\/caps\/get-a-quote\/\" \/>\n<meta property=\"og:locale\" content=\"en_US\" \/>\n<meta property=\"og:type\" content=\"article\" \/>\n<meta property=\"og:title\" content=\"Get A Quote\" \/>\n<meta property=\"og:description\" content=\"[vc_row no_margin=&#8221;true&#8221; padding_top=&#8221;0px&#8221; padding_bottom=&#8221;0px&#8221; bg_video=&#8221;&#8221; class=&#8221;&#8221; style=&#8221;&#8221;][vc_column fade_animation_offset=&#8221;45px&#8221; width=&#8221;1\/1&#8243;][\/vc_column][\/vc_row]\" \/>\n<meta property=\"og:url\" content=\"https:\/\/www.broderie.ca\/en\/caps\/get-a-quote\/\" \/>\n<meta property=\"og:site_name\" content=\"Embroidery Montreal\" \/>\n<meta property=\"article:modified_time\" content=\"2020-02-06T19:50:21+00:00\" \/>\n<script type=\"application\/ld+json\" class=\"yoast-schema-graph\">{\"@context\":\"https:\/\/schema.org\",\"@graph\":[{\"@type\":\"WebPage\",\"@id\":\"https:\/\/www.broderie.ca\/en\/caps\/get-a-quote\/\",\"url\":\"https:\/\/www.broderie.ca\/en\/caps\/get-a-quote\/\",\"name\":\"Get A Quote | Embroidery Montreal\",\"isPartOf\":{\"@id\":\"https:\/\/www.broderie.ca\/#website\"},\"datePublished\":\"2017-03-03T05:53:06+00:00\",\"dateModified\":\"2020-02-06T19:50:21+00:00\",\"breadcrumb\":{\"@id\":\"https:\/\/www.broderie.ca\/en\/caps\/get-a-quote\/#breadcrumb\"},\"inLanguage\":\"en-CA\",\"potentialAction\":[{\"@type\":\"ReadAction\",\"target\":[\"https:\/\/www.broderie.ca\/en\/caps\/get-a-quote\/\"]}]},{\"@type\":\"BreadcrumbList\",\"@id\":\"https:\/\/www.broderie.ca\/en\/caps\/get-a-quote\/#breadcrumb\",\"itemListElement\":[{\"@type\":\"ListItem\",\"position\":1,\"name\":\"Home\",\"item\":\"https:\/\/www.broderie.ca\/en\/\"},{\"@type\":\"ListItem\",\"position\":2,\"name\":\"Caps\",\"item\":\"https:\/\/www.broderie.ca\/en\/caps\/\"},{\"@type\":\"ListItem\",\"position\":3,\"name\":\"Get A Quote\"}]},{\"@type\":\"WebSite\",\"@id\":\"https:\/\/www.broderie.ca\/#website\",\"url\":\"https:\/\/www.broderie.ca\/\",\"name\":\"Embroidery Montreal\",\"description\":\"Plus de 25 ans de services et de qualit\u00e9 in\u00e9gal\u00e9 au Canada\",\"potentialAction\":[{\"@type\":\"SearchAction\",\"target\":{\"@type\":\"EntryPoint\",\"urlTemplate\":\"https:\/\/www.broderie.ca\/?s={search_term_string}\"},\"query-input\":{\"@type\":\"PropertyValueSpecification\",\"valueRequired\":true,\"valueName\":\"search_term_string\"}}],\"inLanguage\":\"en-CA\"}]}<\/script>\n<!-- \/ Yoast SEO Premium plugin. -->","yoast_head_json":{"title":"Get A Quote | Embroidery Montreal","robots":{"index":"index","follow":"follow","max-snippet":"max-snippet:-1","max-image-preview":"max-image-preview:large","max-video-preview":"max-video-preview:-1"},"canonical":"https:\/\/www.broderie.ca\/en\/caps\/get-a-quote\/","og_locale":"en_US","og_type":"article","og_title":"Get A Quote","og_description":"[vc_row no_margin=&#8221;true&#8221; padding_top=&#8221;0px&#8221; padding_bottom=&#8221;0px&#8221; bg_video=&#8221;&#8221; class=&#8221;&#8221; style=&#8221;&#8221;][vc_column fade_animation_offset=&#8221;45px&#8221; width=&#8221;1\/1&#8243;][\/vc_column][\/vc_row]","og_url":"https:\/\/www.broderie.ca\/en\/caps\/get-a-quote\/","og_site_name":"Embroidery Montreal","article_modified_time":"2020-02-06T19:50:21+00:00","schema":{"@context":"https:\/\/schema.org","@graph":[{"@type":"WebPage","@id":"https:\/\/www.broderie.ca\/en\/caps\/get-a-quote\/","url":"https:\/\/www.broderie.ca\/en\/caps\/get-a-quote\/","name":"Get A Quote | Embroidery Montreal","isPartOf":{"@id":"https:\/\/www.broderie.ca\/#website"},"datePublished":"2017-03-03T05:53:06+00:00","dateModified":"2020-02-06T19:50:21+00:00","breadcrumb":{"@id":"https:\/\/www.broderie.ca\/en\/caps\/get-a-quote\/#breadcrumb"},"inLanguage":"en-CA","potentialAction":[{"@type":"ReadAction","target":["https:\/\/www.broderie.ca\/en\/caps\/get-a-quote\/"]}]},{"@type":"BreadcrumbList","@id":"https:\/\/www.broderie.ca\/en\/caps\/get-a-quote\/#breadcrumb","itemListElement":[{"@type":"ListItem","position":1,"name":"Home","item":"https:\/\/www.broderie.ca\/en\/"},{"@type":"ListItem","position":2,"name":"Caps","item":"https:\/\/www.broderie.ca\/en\/caps\/"},{"@type":"ListItem","position":3,"name":"Get A Quote"}]},{"@type":"WebSite","@id":"https:\/\/www.broderie.ca\/#website","url":"https:\/\/www.broderie.ca\/","name":"Embroidery Montreal","description":"Plus de 25 ans de services et de qualit\u00e9 in\u00e9gal\u00e9 au Canada","potentialAction":[{"@type":"SearchAction","target":{"@type":"EntryPoint","urlTemplate":"https:\/\/www.broderie.ca\/?s={search_term_string}"},"query-input":{"@type":"PropertyValueSpecification","valueRequired":true,"valueName":"search_term_string"}}],"inLanguage":"en-CA"}]}},"_links":{"self":[{"href":"https:\/\/www.broderie.ca\/en\/wp-json\/wp\/v2\/pages\/8388","targetHints":{"allow":["GET"]}}],"collection":[{"href":"https:\/\/www.broderie.ca\/en\/wp-json\/wp\/v2\/pages"}],"about":[{"href":"https:\/\/www.broderie.ca\/en\/wp-json\/wp\/v2\/types\/page"}],"author":[{"embeddable":true,"href":"https:\/\/www.broderie.ca\/en\/wp-json\/wp\/v2\/users\/2"}],"replies":[{"embeddable":true,"href":"https:\/\/www.broderie.ca\/en\/wp-json\/wp\/v2\/comments?post=8388"}],"version-history":[{"count":0,"href":"https:\/\/www.broderie.ca\/en\/wp-json\/wp\/v2\/pages\/8388\/revisions"}],"up":[{"embeddable":true,"href":"https:\/\/www.broderie.ca\/en\/wp-json\/wp\/v2\/pages\/1738"}],"wp:attachment":[{"href":"https:\/\/www.broderie.ca\/en\/wp-json\/wp\/v2\/media?parent=8388"}],"curies":[{"name":"wp","href":"https:\/\/api.w.org\/{rel}","templated":true}]}}